{"id":3133,"date":"2021-02-05T12:15:51","date_gmt":"2021-02-05T11:15:51","guid":{"rendered":"https:\/\/www.equine-quest.com\/?page_id=3133"},"modified":"2021-04-19T14:29:00","modified_gmt":"2021-04-19T12:29:00","slug":"enter-your-search","status":"publish","type":"page","link":"https:\/\/www.equine-quest.com\/en\/indiquez-votre-recherche\/","title":{"rendered":"Tell us about your search"},"content":{"rendered":"<div class=\"wp-block-columns is-layout-flex wp-container-core-columns-is-layout-9d6595d7 wp-block-columns-is-layout-flex\">\n<div class=\"wp-block-column is-layout-flow wp-block-column-is-layout-flow\">\n<p>We know that your project is unique, and we'll do everything we can to help you make it a reality...<br>Whether you're buying or selling, we're here to help. <\/p>\n\n\n<div class=\"wp-block-jetpack-contact-form is-layout-flex wp-container-jetpack-contact-form-is-layout-faa3ad1c wp-block-jetpack-contact-form-is-layout-flex\"><a href=\"https:\/\/www.equine-quest.com\/en\/indiquez-votre-recherche\/\" target=\"_blank\" rel=\"noopener noreferrer\">Submit a form.<\/a><\/div><\/div>\n\n\n\n<div class=\"wp-block-column is-layout-flow wp-block-column-is-layout-flow\">\n<figure class=\"wp-block-image size-large is-resized\"><img loading=\"lazy\" decoding=\"async\" src=\"https:\/\/www.equine-quest.com\/wp-content\/uploads\/2017\/07\/EquineQuest-Logo1.jpg\" alt=\"\" class=\"wp-image-24\" width=\"591\" height=\"377\"\/><\/figure>\n<\/div>\n<\/div>\n\n\n\n<p><\/p>","protected":false},"excerpt":{"rendered":"<p>Nous savons que votre projet est unique et nous mettrons tout en oeuvre pour vous aider \u00e0 le r\u00e9aliser&#8230;Acheter, vendre, nous sommes \u00e0 votre \u00e9coute.<\/p>","protected":false},"author":1,"featured_media":0,"parent":0,"menu_order":0,"comment_status":"closed","ping_status":"closed","template":"","meta":{"advanced_seo_description":"","jetpack_seo_html_title":"","jetpack_seo_noindex":false,"footnotes":""},"class_list":["post-3133","page","type-page","status-publish","hentry"],"jetpack_sharing_enabled":true,"_links":{"self":[{"href":"https:\/\/www.equine-quest.com\/en\/wp-json\/wp\/v2\/pages\/3133","targetHints":{"allow":["GET"]}}],"collection":[{"href":"https:\/\/www.equine-quest.com\/en\/wp-json\/wp\/v2\/pages"}],"about":[{"href":"https:\/\/www.equine-quest.com\/en\/wp-json\/wp\/v2\/types\/page"}],"author":[{"embeddable":true,"href":"https:\/\/www.equine-quest.com\/en\/wp-json\/wp\/v2\/users\/1"}],"replies":[{"embeddable":true,"href":"https:\/\/www.equine-quest.com\/en\/wp-json\/wp\/v2\/comments?post=3133"}],"version-history":[{"count":17,"href":"https:\/\/www.equine-quest.com\/en\/wp-json\/wp\/v2\/pages\/3133\/revisions"}],"predecessor-version":[{"id":3483,"href":"https:\/\/www.equine-quest.com\/en\/wp-json\/wp\/v2\/pages\/3133\/revisions\/3483"}],"wp:attachment":[{"href":"https:\/\/www.equine-quest.com\/en\/wp-json\/wp\/v2\/media?parent=3133"}],"curies":[{"name":"wp","href":"https:\/\/api.w.org\/{rel}","templated":true}]}}